{"id":480,"date":"2024-05-03T15:42:26","date_gmt":"2024-05-03T15:42:26","guid":{"rendered":"http:\/\/10.0.50.106:8011\/?page_id=480"},"modified":"2025-06-03T07:26:46","modified_gmt":"2025-06-03T07:26:46","slug":"committees","status":"publish","type":"page","link":"https:\/\/etems.digital\/2025\/committees","title":{"rendered":"Committees"},"content":{"rendered":"\t\t<div data-elementor-type=\"wp-page\" data-elementor-id=\"480\" class=\"elementor elementor-480\">\n\t\t\t\t<div class=\"elementor-element elementor-element-2051264 e-flex e-con-boxed e-con e-parent\" data-id=\"2051264\" data-element_type=\"container\" data-e-type=\"container\">\n\t\t\t\t\t<div class=\"e-con-inner\">\n\t\t\t\t<div class=\"elementor-element elementor-element-5cecca9 elementor-widget elementor-widget-heading\" data-id=\"5cecca9\" data-element_type=\"widget\" data-e-type=\"widget\" data-widget_type=\"heading.default\">\n\t\t\t\t<div class=\"elementor-widget-container\">\n\t\t\t\t\t<h1 class=\"elementor-heading-title elementor-size-default\">COMMITTEES<\/h1>\t\t\t\t<\/div>\n\t\t\t\t<\/div>\n\t\t\t\t\t<\/div>\n\t\t\t\t<\/div>\n\t\t<div class=\"elementor-element elementor-element-553fd90 e-flex e-con-boxed e-con e-parent\" data-id=\"553fd90\" data-element_type=\"container\" data-e-type=\"container\">\n\t\t\t\t\t<div class=\"e-con-inner\">\n\t\t\t\t<div class=\"elementor-element elementor-element-9259990 elementor-widget elementor-widget-spacer\" data-id=\"9259990\" data-element_type=\"widget\" data-e-type=\"widget\" data-widget_type=\"spacer.default\">\n\t\t\t\t<div class=\"elementor-widget-container\">\n\t\t\t\t\t\t\t<div class=\"elementor-spacer\">\n\t\t\t<div class=\"elementor-spacer-inner\"><\/div>\n\t\t<\/div>\n\t\t\t\t\t\t<\/div>\n\t\t\t\t<\/div>\n\t\t\t\t\t<\/div>\n\t\t\t\t<\/div>\n\t\t<div class=\"elementor-element elementor-element-61e94e5 e-flex e-con-boxed e-con e-parent\" data-id=\"61e94e5\" data-element_type=\"container\" data-e-type=\"container\">\n\t\t\t\t\t<div class=\"e-con-inner\">\n\t\t<div class=\"elementor-element elementor-element-b8f831a e-con-full e-flex e-con e-child\" data-id=\"b8f831a\" data-element_type=\"container\" data-e-type=\"container\">\n\t\t\t\t<div class=\"elementor-element elementor-element-8a6a2f4 elementor-widget elementor-widget-heading\" data-id=\"8a6a2f4\" data-element_type=\"widget\" data-e-type=\"widget\" data-widget_type=\"heading.default\">\n\t\t\t\t<div class=\"elementor-widget-container\">\n\t\t\t\t\t<h2 class=\"elementor-heading-title elementor-size-default\">CHAIRS &amp; ORGANISING COMMITTEE<\/h2>\t\t\t\t<\/div>\n\t\t\t\t<\/div>\n\t\t\t\t<div class=\"elementor-element elementor-element-7663c85 elementor-widget elementor-widget-text-editor\" data-id=\"7663c85\" data-element_type=\"widget\" data-e-type=\"widget\" data-widget_type=\"text-editor.default\">\n\t\t\t\t<div class=\"elementor-widget-container\">\n\t\t\t\t\t\t\t\t\t<p>Beverly Pasian \u2013 Conference Series Chair (Utrecht University of Applied Sciences)<br \/>Bert Lauwers \u2013 Conference Chair (KU Leuven)<br \/>Carsten Wolff \u2013 Technical Programme Chair (Dortmund University of Applied Sciences and Arts)<br \/>Jan Verhamme \u2013 Conference Treasurer (KU Leuven)<br \/>Iuliia Mende \u2013 Conference and Publication Manager (Dortmund University of Applied Sciences and Arts)<br \/>Hans Hallez, Peter Arras \u2013 Local Arrangements Chairs (KU Leuven)<\/p>\t\t\t\t\t\t\t\t<\/div>\n\t\t\t\t<\/div>\n\t\t\t\t<div class=\"elementor-element elementor-element-fabea2d elementor-widget elementor-widget-heading\" data-id=\"fabea2d\" data-element_type=\"widget\" data-e-type=\"widget\" data-widget_type=\"heading.default\">\n\t\t\t\t<div class=\"elementor-widget-container\">\n\t\t\t\t\t<h2 class=\"elementor-heading-title elementor-size-default\">Organising Team<\/h2>\t\t\t\t<\/div>\n\t\t\t\t<\/div>\n\t\t\t\t<div class=\"elementor-element elementor-element-65a8412 elementor-hidden-desktop elementor-hidden-tablet elementor-hidden-mobile elementor-widget elementor-widget-heading\" data-id=\"65a8412\" data-element_type=\"widget\" data-e-type=\"widget\" data-widget_type=\"heading.default\">\n\t\t\t\t<div class=\"elementor-widget-container\">\n\t\t\t\t\t<h2 class=\"elementor-heading-title elementor-size-default\">Chairs &amp; Moderators<\/h2>\t\t\t\t<\/div>\n\t\t\t\t<\/div>\n\t\t\t\t<div class=\"elementor-element elementor-element-a1bf0c1 elementor-widget elementor-widget-text-editor\" data-id=\"a1bf0c1\" data-element_type=\"widget\" data-e-type=\"widget\" data-widget_type=\"text-editor.default\">\n\t\t\t\t<div class=\"elementor-widget-container\">\n\t\t\t\t\t\t\t\t\t<p>Tina Boeckx (KU Leuven)<br \/>Stephane Stroobant (KU Leuven)<br \/><span class=\"cf0\">Jens Vankeirsbilck (KU Leuven)<\/span><br \/>Gregory De Ruyter (KU Leuven)<br \/>Kilian Bryon (KU Leuven)<br \/>Douwe Ravers (KU Leuven)<br \/>Pablo Ruiz Morales (KU Leuven)<br \/>Kaizheng Wang (KU Leuven)<br \/>Sanketh Ramachandra (KU Leuven)<br \/>Louis Carpentier (KU Leuven)<br \/>Laure Buysse (KU Leuven)<br \/>Adam Faza (KU Leuven)<br \/>Ilyas Lemmens (KU Leuven)<br \/>Ekaterina Hermann (Dortmund University of Applied Sciences and Arts)<br \/>Nargiza Mikhridinova (Dortmund University of Applied Sciences and Arts)<br \/>Eleonora Soos (Dortmund University of Applied Sciences and Arts)<br \/><span data-teams=\"true\">Jennifer Vo\u00dfgerau (Dortmund University of Applied Sciences and Arts)<\/span><\/p>\t\t\t\t\t\t\t\t<\/div>\n\t\t\t\t<\/div>\n\t\t\t\t<div class=\"elementor-element elementor-element-ae34779 elementor-hidden-desktop elementor-hidden-tablet elementor-hidden-mobile elementor-widget elementor-widget-text-editor\" data-id=\"ae34779\" data-element_type=\"widget\" data-e-type=\"widget\" data-widget_type=\"text-editor.default\">\n\t\t\t\t<div class=\"elementor-widget-container\">\n\t\t\t\t\t\t\t\t\t<p>Beverly Pasian &#8211; World Cafe Workshop Chair (Utrecht University of Applied Sciences)<br \/>Lydia Kaiser &#8211; Doctoral Workshop Chair (Technische Universit\u00e4t Berlin)<\/p>\t\t\t\t\t\t\t\t<\/div>\n\t\t\t\t<\/div>\n\t\t\t\t<\/div>\n\t\t<div class=\"elementor-element elementor-element-e27f987 e-con-full e-flex e-con e-child\" data-id=\"e27f987\" data-element_type=\"container\" data-e-type=\"container\">\n\t\t\t\t<div class=\"elementor-element elementor-element-87cfa84 elementor-widget elementor-widget-heading\" data-id=\"87cfa84\" data-element_type=\"widget\" data-e-type=\"widget\" data-widget_type=\"heading.default\">\n\t\t\t\t<div class=\"elementor-widget-container\">\n\t\t\t\t\t<h2 class=\"elementor-heading-title elementor-size-default\">Programme Committee<\/h2>\t\t\t\t<\/div>\n\t\t\t\t<\/div>\n\t\t\t\t<div class=\"elementor-element elementor-element-27197d3 elementor-widget elementor-widget-text-editor\" data-id=\"27197d3\" data-element_type=\"widget\" data-e-type=\"widget\" data-widget_type=\"text-editor.default\">\n\t\t\t\t<div class=\"elementor-widget-container\">\n\t\t\t\t\t\t\t\t\t<p>Jan Christoph Albrecht<br \/>Beibut Amirgaliyev<br \/>Peter Arras<br \/>Robert Bierwolf<br \/>Sergey Bushuyev<br \/>R\u016bta \u010ciutien\u0117<br \/>Carolina Cruz-Villazon<br \/>Andr\u00e9 Dechange<br \/>Hans Hallez<br \/>Philipp Heisig<br \/>Bassam Hussein<br \/>Maider Iturrondobeitia Ellacuria<br \/>Bert Lauwers<br \/>Kanesan Muthusamy<br \/>Alexia Nalewaik<br \/>Bertha Joseph Ngereja<br \/>Anzhelika Parkhomenko<br \/>Beverly Pasian<br \/>Ben Peters<br \/>Christian Reimann<br \/>Anatoliy Sachenko<br \/><!--StartFragment --><span class=\"cf0\">Sabine Sachweh<\/span><!--EndFragment --><br \/>Bj\u00f6rn Sch\u00e4fer<br \/>Markus Schmidtner<br \/>Rolf Schuster<br \/>Semih Severengiz<br \/>Galyna Tabunshchyk<br \/>Daymy Tamayo Avila<br \/>Holger Timinger<br \/>Nerea Toledo<br \/>Wim Van Petegem<br \/>Patrick Vandewalle<br \/>Olena Verenych<br \/>Nigel Williams<br \/>Carsten Wolff<br \/>Didar Yedilkhan<br \/>Iryna Zelenova<br \/>Nurkhat Zhakiyev<br \/>Ru Zhang<br \/>Georges Zissis<\/p>\t\t\t\t\t\t\t\t<\/div>\n\t\t\t\t<\/div>\n\t\t\t\t<\/div>\n\t\t\t\t\t<\/div>\n\t\t\t\t<\/div>\n\t\t<div class=\"elementor-element elementor-element-7bb52e8 e-flex e-con-boxed e-con e-parent\" data-id=\"7bb52e8\" data-element_type=\"container\" data-e-type=\"container\">\n\t\t\t\t\t<div class=\"e-con-inner\">\n\t\t\t\t<div class=\"elementor-element elementor-element-6008b44 elementor-widget elementor-widget-spacer\" data-id=\"6008b44\" data-element_type=\"widget\" data-e-type=\"widget\" data-widget_type=\"spacer.default\">\n\t\t\t\t<div class=\"elementor-widget-container\">\n\t\t\t\t\t\t\t<div class=\"elementor-spacer\">\n\t\t\t<div class=\"elementor-spacer-inner\"><\/div>\n\t\t<\/div>\n\t\t\t\t\t\t<\/div>\n\t\t\t\t<\/div>\n\t\t\t\t\t<\/div>\n\t\t\t\t<\/div>\n\t\t\t\t<\/div>\n\t\t","protected":false},"excerpt":{"rendered":"<p>COMMITTEES CHAIRS &amp; ORGANISING COMMITTEE Beverly Pasian \u2013 Conference Series Chair (Utrecht University of Applied Sciences)Bert Lauwers \u2013 Conference Chair (KU Leuven)Carsten Wolff \u2013 Technical Programme Chair (Dortmund University of Applied Sciences and Arts)Jan Verhamme \u2013 Conference Treasurer (KU Leuven)Iuliia Mende \u2013 Conference and Publication Manager (Dortmund University of Applied Sciences and Arts)Hans Hallez, Peter [&hellip;]<\/p>\n","protected":false},"author":1,"featured_media":0,"parent":0,"menu_order":0,"comment_status":"closed","ping_status":"closed","template":"elementor_header_footer","meta":{"footnotes":""},"class_list":["post-480","page","type-page","status-publish","hentry","entry"],"_links":{"self":[{"href":"https:\/\/etems.digital\/2025\/wp-json\/wp\/v2\/pages\/480","targetHints":{"allow":["GET"]}}],"collection":[{"href":"https:\/\/etems.digital\/2025\/wp-json\/wp\/v2\/pages"}],"about":[{"href":"https:\/\/etems.digital\/2025\/wp-json\/wp\/v2\/types\/page"}],"author":[{"embeddable":true,"href":"https:\/\/etems.digital\/2025\/wp-json\/wp\/v2\/users\/1"}],"replies":[{"embeddable":true,"href":"https:\/\/etems.digital\/2025\/wp-json\/wp\/v2\/comments?post=480"}],"version-history":[{"count":61,"href":"https:\/\/etems.digital\/2025\/wp-json\/wp\/v2\/pages\/480\/revisions"}],"predecessor-version":[{"id":1890,"href":"https:\/\/etems.digital\/2025\/wp-json\/wp\/v2\/pages\/480\/revisions\/1890"}],"wp:attachment":[{"href":"https:\/\/etems.digital\/2025\/wp-json\/wp\/v2\/media?parent=480"}],"curies":[{"name":"wp","href":"https:\/\/api.w.org\/{rel}","templated":true}]}}